{"id":512,"date":"2013-11-22T16:27:27","date_gmt":"2013-11-22T14:27:27","guid":{"rendered":"https:\/\/www.rukaresidences.fi\/chalet-rukanhelmi\/"},"modified":"2023-04-21T09:19:50","modified_gmt":"2023-04-21T06:19:50","slug":"chalet-rukanhelmi","status":"publish","type":"page","link":"https:\/\/www.rukaresidences.fi\/sv\/chalet-rukanhelmi\/","title":{"rendered":"Chalet Rukanhelmi"},"content":{"rendered":"<h1>Chalet Rukanhelmi<\/h1>\n<div>\n<p>Rukanhelmi \u00e4r en lyxig villa av torrfura, med en yta p\u00e5 153 m<sup>2<\/sup>. L\u00e4genheten best\u00e5r av ett k\u00f6k, fem sovrum, fyra toaletter, en bastu av torrfura f\u00f6r \u00e5tta personer, rymliga utrymmen f\u00f6r utomhusutrustning osv. Det finns b\u00e4ddar f\u00f6r 12 personer och extrab\u00e4ddar f\u00f6r tv\u00e5 samt ytterligare tv\u00e5 extra madrasser vid behov. Babys\u00e4ngar kan best\u00e4llas mot en extra kostnad. Utrustningen omfattar bl.a. ett kylsk\u00e5p, en frys, en diskmaskin, en tv\u00e4ttmaskin, ett torksk\u00e5p, en torktumlare, en h\u00f6gklassig matservis, 55\u201c Smart TV, en stereoanl\u00e4ggning och ved f\u00f6r \u00f6ppen spis. Till ditt f\u00f6rfogande st\u00e5r \u00e4ven bredbandsanslutning f\u00f6r din egen portabla dator. Matsalsbordet rymmer 12 personer samtidigt. Samtliga utrymmen har planerats med h\u00e4nsyn till ett h\u00f6gt antal g\u00e4ster och f\u00f6r att kunderna ska k\u00e4nna hemtrevnad.<\/p>\n<p>Stugan \u00e4r bel\u00e4gen i v\u00e4stra Ruka intill sj\u00f6n Talvij\u00e4rvi. Fr\u00e5n stugan till den n\u00e4rmaste hissen och restaurangen finns det en cirka 400 meters v\u00e4g \u00f6ver den isbelagda sj\u00f6n Talvij\u00e4rvi. Hissen tar dig direkt till Rukas centrum. Skidsp\u00e5ren passerar i n\u00e4rheten.<\/p>\n<p>Du kan se tillg\u00e4ngliga perioder och priser i webbutiken.<\/p>\n<\/div>\n<ul>\n<li>\n        <a href=\"http:\/\/rukaresidences.panoraamakuvat.fi\/rukanhelmi\/\">360\u00b0 Panoramabilder<\/a>\n    <\/li>\n<li>\n        <a href=\"\/sv\/allmanna-bokningsvillkor\/\">Bokningsvillkor<\/a>\n    <\/li>\n<\/ul>\n<div>\n<h3>Boka online<\/h3>\n<div>\n<p><iframe loading=\"lazy\" width=\"100%\" height=\"900\" src=\"https:\/\/rukaresidences.bookingonline.fi\/stable\/integroitukalenteri.jsp?teema_id=992&amp;myyja_id=16046&amp;kiintea_tuote_id=17089&amp;kieli=UKN\"><\/iframe><\/p>\n<\/div>\n<\/div>\n<h1>Bilder<\/h1>\n<ul>\n<li>\n<p>        <img decoding=\"async\" src=\"\/wp-content\/uploads\/2023\/04\/014.jpg\" alt=\"\"><\/p>\n<h3>014<\/h3>\n<\/li>\n<li>\n<p>        <img decoding=\"async\" src=\"\/wp-content\/uploads\/2023\/04\/016.jpg\" alt=\"\"><\/p>\n<h3>016<\/h3>\n<\/li>\n<li>\n<p>        <img decoding=\"async\" src=\"\/wp-content\/uploads\/2023\/04\/023.jpg\" alt=\"\"><\/p>\n<h3>023<\/h3>\n<\/li>\n<li>\n<p>        <img decoding=\"async\" src=\"\/wp-content\/uploads\/2023\/04\/025.jpg\" alt=\"\"><\/p>\n<h3>025<\/h3>\n<\/li>\n<li>\n<p>        <img decoding=\"async\" src=\"\/wp-content\/uploads\/2023\/04\/030.jpg\" alt=\"\"><\/p>\n<h3>030<\/h3>\n<\/li>\n<li>\n<p>        <img decoding=\"async\" src=\"\/wp-content\/uploads\/2023\/04\/032.jpg\" alt=\"\"><\/p>\n<h3>032<\/h3>\n<\/li>\n<li>\n<p>        <img decoding=\"async\" src=\"\/wp-content\/uploads\/2023\/04\/043.jpg\" alt=\"\"><\/p>\n<h3>043<\/h3>\n<\/li>\n<li>\n<p>        <img decoding=\"async\" src=\"\/wp-content\/uploads\/2023\/04\/046.jpg\" alt=\"\"><\/p>\n<h3>046<\/h3>\n<\/li>\n<li>\n<p>        <img decoding=\"async\" src=\"\/wp-content\/uploads\/2023\/04\/051.jpg\" alt=\"\"><\/p>\n<h3>051<\/h3>\n<\/li>\n<li>\n<p>        <img decoding=\"async\" src=\"\/wp-content\/uploads\/2023\/04\/054.jpg\" alt=\"\"><\/p>\n<h3>054<\/h3>\n<\/li>\n<li>\n<p>        <img decoding=\"async\" src=\"\/wp-content\/uploads\/2023\/04\/055.jpg\" alt=\"\"><\/p>\n<h3>055<\/h3>\n<\/li>\n<li>\n<p>        <img decoding=\"async\" src=\"\/wp-content\/uploads\/2023\/04\/RH2.jpg\" alt=\"\"><\/p>\n<h3>RH2<\/h3>\n<\/li>\n<li>\n<p>        <img decoding=\"async\" src=\"\/wp-content\/uploads\/2023\/04\/Rukanhelmi_pohjapiirustus.jpg\" alt=\"\"><\/p>\n<h3>Rukanhelmi_pohjapiirustus<\/h3>\n<\/li>\n<\/ul>\n<p><!--more--><br \/>\n<!-- {\"name\":\"\",\"type\":\"layout\",\"children\":[{\"type\":\"section\",\"props\":{\"height\":\"percent\",\"image\":\"https:\\\/\\\/www.rukaresidences.fi\\\/wp-content\\\/uploads\\\/2023\\\/04\\\/RH2.jpg\",\"image_height\":\"600\",\"image_loading\":true,\"image_position\":\"center-center\",\"image_size\":\"cover\",\"image_width\":\"1920\",\"style\":\"secondary\",\"title_breakpoint\":\"xl\",\"title_position\":\"top-left\",\"title_rotation\":\"left\",\"vertical_align\":\"\",\"width\":\"default\"},\"children\":[{\"type\":\"row\",\"children\":[{\"type\":\"column\",\"props\":{\"image_position\":\"center-center\",\"media_overlay_gradient\":\"\",\"position_sticky_breakpoint\":\"m\"},\"children\":[{\"type\":\"headline\",\"props\":{\"content\":\"Chalet Rukanhelmi\",\"title_element\":\"h1\",\"title_style\":\"heading-small\"}}]}]}]},{\"name\":\"\",\"type\":\"section\",\"props\":{\"image_position\":\"center-center\",\"padding_remove_bottom\":false,\"style\":\"default\",\"title_breakpoint\":\"xl\",\"title_position\":\"top-left\",\"title_rotation\":\"left\",\"vertical_align\":\"middle\",\"width\":\"default\"},\"children\":[{\"name\":\"\",\"type\":\"row\",\"props\":{\"column_gap\":\"large\",\"layout\":\"expand,large\",\"margin\":\"large\",\"margin_remove_bottom\":true},\"children\":[{\"name\":\"\",\"type\":\"column\",\"props\":{\"image_position\":\"center-center\",\"media_overlay_gradient\":\"\",\"position_sticky_breakpoint\":\"m\",\"width_medium\":\"expand\",\"width_small\":\"\"},\"children\":[{\"name\":\"\",\"type\":\"text\",\"props\":{\"column_breakpoint\":\"m\",\"content\":\"\n\n<p>Rukanhelmi \\u00e4r en lyxig villa av torrfura, med en yta p\\u00e5 153 m<sup>2<\\\/sup>. L\\u00e4genheten best\\u00e5r av ett k\\u00f6k, fem sovrum, fyra toaletter, en bastu av torrfura f\\u00f6r \\u00e5tta personer, rymliga utrymmen f\\u00f6r utomhusutrustning osv. Det finns b\\u00e4ddar f\\u00f6r 12 personer och extrab\\u00e4ddar f\\u00f6r tv\\u00e5 samt ytterligare tv\\u00e5 extra madrasser vid behov. Babys\\u00e4ngar kan best\\u00e4llas mot en extra kostnad. Utrustningen omfattar bl.a. ett kylsk\\u00e5p, en frys, en diskmaskin, en tv\\u00e4ttmaskin, ett torksk\\u00e5p, en torktumlare, en h\\u00f6gklassig matservis, 55\\u201c Smart TV, en stereoanl\\u00e4ggning och ved f\\u00f6r \\u00f6ppen spis. Till ditt f\\u00f6rfogande st\\u00e5r \\u00e4ven bredbandsanslutning f\\u00f6r din egen portabla dator. Matsalsbordet rymmer 12 personer samtidigt. Samtliga utrymmen har planerats med h\\u00e4nsyn till ett h\\u00f6gt antal g\\u00e4ster och f\\u00f6r att kunderna ska k\\u00e4nna hemtrevnad.<\\\/p>\\n\n\n<p>Stugan \\u00e4r bel\\u00e4gen i v\\u00e4stra Ruka intill sj\\u00f6n Talvij\\u00e4rvi. Fr\\u00e5n stugan till den n\\u00e4rmaste hissen och restaurangen finns det en cirka 400 meters v\\u00e4g \\u00f6ver den isbelagda sj\\u00f6n Talvij\\u00e4rvi. Hissen tar dig direkt till Rukas centrum. Skidsp\\u00e5ren passerar i n\\u00e4rheten.<\\\/p>\\n\n\n<p>Du kan se tillg\\u00e4ngliga perioder och priser i webbutiken.<\\\/p>\",\"margin\":\"default\"}}]},{\"name\":\"\",\"type\":\"column\",\"props\":{\"image_position\":\"center-center\",\"media_overlay_gradient\":\"\",\"position_sticky\":\"row\",\"position_sticky_breakpoint\":\"m\",\"width_small\":\"large\"},\"children\":[{\"name\":\"\",\"type\":\"button\",\"props\":{\"grid_column_gap\":\"small\",\"grid_row_gap\":\"small\",\"margin\":\"large\"},\"children\":[{\"name\":\"\",\"type\":\"button_item\",\"props\":{\"button_style\":\"primary\",\"content\":\"360\\u00b0 Panoramabilder\",\"icon\":\"\",\"icon_align\":\"left\",\"link\":\"http:\\\/\\\/rukaresidences.panoraamakuvat.fi\\\/rukanhelmi\\\/\"}},{\"type\":\"button_item\",\"props\":{\"button_style\":\"primary\",\"content\":\"Bokningsvillkor\",\"icon_align\":\"left\",\"lightbox_height\":\"1000\",\"lightbox_width\":\"800\",\"link\":\"sv\\\/allmanna-bokningsvillkor\\\/\",\"link_target\":\"modal\"}}]},{\"type\":\"accordion\",\"props\":{\"collapsible\":true,\"content_column_breakpoint\":\"m\",\"image_align\":\"top\",\"image_grid_breakpoint\":\"m\",\"image_grid_width\":\"1-2\",\"image_svg_color\":\"emphasis\",\"link_style\":\"default\",\"link_text\":\"Read more\",\"show_image\":true,\"show_link\":true},\"children\":[{\"type\":\"accordion_item\",\"props\":{\"content\":\"\n\n<p><iframe width=\\\"100%\\\" height=\\\"900\\\" src=\\\"https:\\\/\\\/rukaresidences.bookingonline.fi\\\/stable\\\/integroitukalenteri.jsp?teema_id=992&amp;myyja_id=16046&amp;kiintea_tuote_id=17089&amp;kieli=UKN\\\"><\\\/iframe><\\\/p>\",\"title\":\"Boka online\"}}]}]}]}]},{\"name\":\"\",\"type\":\"section\",\"props\":{\"image_position\":\"center-center\",\"padding_remove_top\":true,\"style\":\"default\",\"title_breakpoint\":\"xl\",\"title_position\":\"top-left\",\"title_rotation\":\"left\",\"vertical_align\":\"middle\",\"width\":\"default\"},\"children\":[{\"name\":\"\",\"type\":\"row\",\"children\":[{\"name\":\"\",\"type\":\"column\",\"props\":{\"image_position\":\"center-center\",\"media_overlay_gradient\":\"\",\"position_sticky_breakpoint\":\"m\",\"width_medium\":\"1-1\"},\"children\":[{\"name\":\"\",\"type\":\"headline\",\"props\":{\"content\":\"Bilder\",\"title_element\":\"h1\",\"title_style\":\"h2\"}},{\"name\":\"\",\"type\":\"gallery\",\"props\":{\"filter_align\":\"left\",\"filter_all\":true,\"filter_grid_breakpoint\":\"m\",\"filter_grid_width\":\"auto\",\"filter_position\":\"top\",\"filter_style\":\"tab\",\"grid_default\":\"1\",\"grid_medium\":\"4\",\"grid_small\":\"2\",\"item_animation\":true,\"lightbox\":true,\"link_style\":\"default\",\"link_text\":\"\",\"margin\":\"default\",\"meta_align\":\"below-title\",\"meta_element\":\"div\",\"meta_style\":\"text-meta\",\"overlay_hover\":true,\"overlay_link\":true,\"overlay_mode\":\"cover\",\"overlay_position\":\"center\",\"overlay_style\":\"overlay-primary\",\"overlay_transition\":\"fade\",\"parallax_easing\":\"1\",\"show_content\":false,\"show_hover_image\":false,\"show_link\":false,\"show_meta\":false,\"show_title\":false,\"text_align\":\"center\",\"text_color\":\"light\",\"title_element\":\"h3\",\"title_hover_style\":\"reset\"},\"children\":[{\"type\":\"gallery_item\",\"props\":{\"image\":\"wp-content\\\/uploads\\\/2023\\\/04\\\/014.jpg\",\"title\":\"014\"}},{\"type\":\"gallery_item\",\"props\":{\"image\":\"wp-content\\\/uploads\\\/2023\\\/04\\\/016.jpg\",\"title\":\"016\"}},{\"type\":\"gallery_item\",\"props\":{\"image\":\"wp-content\\\/uploads\\\/2023\\\/04\\\/023.jpg\",\"title\":\"023\"}},{\"type\":\"gallery_item\",\"props\":{\"image\":\"wp-content\\\/uploads\\\/2023\\\/04\\\/025.jpg\",\"title\":\"025\"}},{\"type\":\"gallery_item\",\"props\":{\"image\":\"wp-content\\\/uploads\\\/2023\\\/04\\\/030.jpg\",\"title\":\"030\"}},{\"type\":\"gallery_item\",\"props\":{\"image\":\"wp-content\\\/uploads\\\/2023\\\/04\\\/032.jpg\",\"title\":\"032\"}},{\"type\":\"gallery_item\",\"props\":{\"image\":\"wp-content\\\/uploads\\\/2023\\\/04\\\/043.jpg\",\"title\":\"043\"}},{\"type\":\"gallery_item\",\"props\":{\"image\":\"wp-content\\\/uploads\\\/2023\\\/04\\\/046.jpg\",\"title\":\"046\"}},{\"type\":\"gallery_item\",\"props\":{\"image\":\"wp-content\\\/uploads\\\/2023\\\/04\\\/051.jpg\",\"title\":\"051\"}},{\"type\":\"gallery_item\",\"props\":{\"image\":\"wp-content\\\/uploads\\\/2023\\\/04\\\/054.jpg\",\"title\":\"054\"}},{\"type\":\"gallery_item\",\"props\":{\"image\":\"wp-content\\\/uploads\\\/2023\\\/04\\\/055.jpg\",\"title\":\"055\"}},{\"type\":\"gallery_item\",\"props\":{\"image\":\"wp-content\\\/uploads\\\/2023\\\/04\\\/RH2.jpg\",\"title\":\"RH2\"}},{\"type\":\"gallery_item\",\"props\":{\"image\":\"wp-content\\\/uploads\\\/2023\\\/04\\\/Rukanhelmi_pohjapiirustus.jpg\",\"title\":\"Rukanhelmi_pohjapiirustus\"}}]}]}]}]}],\"version\":\"3.0.30\"} --><\/p>\n","protected":false},"excerpt":{"rendered":"<p>Chalet Rukanhelmi Rukanhelmi \u00e4r en lyxig villa av torrfura, med en yta p\u00e5 153 m2. L\u00e4genheten best\u00e5r av ett k\u00f6k, fem sovrum, fyra toaletter, en bastu av torrfura f\u00f6r \u00e5tta personer, rymliga utrymmen f\u00f6r utomhusutrustning osv. Det finns b\u00e4ddar f\u00f6r 12 personer och extrab\u00e4ddar f\u00f6r tv\u00e5 samt ytterligare tv\u00e5 extra madrasser vid behov. Babys\u00e4ngar kan [&hellip;]<\/p>\n","protected":false},"author":1,"featured_media":441,"parent":0,"menu_order":0,"comment_status":"open","ping_status":"open","template":"","meta":{"footnotes":""},"class_list":["post-512","page","type-page","status-publish","has-post-thumbnail","hentry"],"yoast_head":"<!-- This site is optimized with the Yoast SEO plugin v26.6 - https:\/\/yoast.com\/wordpress\/plugins\/seo\/ -->\n<title>Chalet Rukanhelmi - Ruka Residences, Norra Finland<\/title>\n<meta name=\"description\" content=\"En lyxig villa i torr furu i Ruka Ski Center, norra Finland. B\u00e4ddar f\u00f6r 12 personer och extrab\u00e4ddar f\u00f6r fyra samt.\" \/>\n<meta name=\"robots\" content=\"index, follow, max-snippet:-1, max-image-preview:large, max-video-preview:-1\" \/>\n<link rel=\"canonical\" href=\"https:\/\/www.rukaresidences.fi\/sv\/chalet-rukanhelmi\/\" \/>\n<meta property=\"og:locale\" content=\"sv_SE\" \/>\n<meta property=\"og:type\" content=\"article\" \/>\n<meta property=\"og:title\" content=\"Chalet Rukanhelmi - Ruka Residences, Norra Finland\" \/>\n<meta property=\"og:description\" content=\"En lyxig villa i torr furu i Ruka Ski Center, norra Finland. B\u00e4ddar f\u00f6r 12 personer och extrab\u00e4ddar f\u00f6r fyra samt.\" \/>\n<meta property=\"og:url\" content=\"https:\/\/www.rukaresidences.fi\/sv\/chalet-rukanhelmi\/\" \/>\n<meta property=\"og:site_name\" content=\"Ruka Residences, Norra Finland\" \/>\n<meta property=\"article:modified_time\" content=\"2023-04-21T06:19:50+00:00\" \/>\n<meta property=\"og:image\" content=\"https:\/\/www.rukaresidences.fi\/wp-content\/uploads\/2023\/04\/055.jpg\" \/>\n\t<meta property=\"og:image:width\" content=\"1800\" \/>\n\t<meta property=\"og:image:height\" content=\"1200\" \/>\n\t<meta property=\"og:image:type\" content=\"image\/jpeg\" \/>\n<meta name=\"twitter:card\" content=\"summary_large_image\" \/>\n<meta name=\"twitter:label1\" content=\"Ber\u00e4knad l\u00e4stid\" \/>\n\t<meta name=\"twitter:data1\" content=\"5 minuter\" \/>\n<script type=\"application\/ld+json\" class=\"yoast-schema-graph\">{\"@context\":\"https:\/\/schema.org\",\"@graph\":[{\"@type\":\"WebPage\",\"@id\":\"https:\/\/www.rukaresidences.fi\/sv\/chalet-rukanhelmi\/\",\"url\":\"https:\/\/www.rukaresidences.fi\/sv\/chalet-rukanhelmi\/\",\"name\":\"Chalet Rukanhelmi - Ruka Residences, Norra Finland\",\"isPartOf\":{\"@id\":\"https:\/\/www.rukaresidences.fi\/sv\/#website\"},\"primaryImageOfPage\":{\"@id\":\"https:\/\/www.rukaresidences.fi\/sv\/chalet-rukanhelmi\/#primaryimage\"},\"image\":{\"@id\":\"https:\/\/www.rukaresidences.fi\/sv\/chalet-rukanhelmi\/#primaryimage\"},\"thumbnailUrl\":\"https:\/\/www.rukaresidences.fi\/wp-content\/uploads\/2023\/04\/055.jpg\",\"datePublished\":\"2013-11-22T14:27:27+00:00\",\"dateModified\":\"2023-04-21T06:19:50+00:00\",\"description\":\"En lyxig villa i torr furu i Ruka Ski Center, norra Finland. B\u00e4ddar f\u00f6r 12 personer och extrab\u00e4ddar f\u00f6r fyra samt.\",\"breadcrumb\":{\"@id\":\"https:\/\/www.rukaresidences.fi\/sv\/chalet-rukanhelmi\/#breadcrumb\"},\"inLanguage\":\"sv-SE\",\"potentialAction\":[{\"@type\":\"ReadAction\",\"target\":[\"https:\/\/www.rukaresidences.fi\/sv\/chalet-rukanhelmi\/\"]}]},{\"@type\":\"ImageObject\",\"inLanguage\":\"sv-SE\",\"@id\":\"https:\/\/www.rukaresidences.fi\/sv\/chalet-rukanhelmi\/#primaryimage\",\"url\":\"https:\/\/www.rukaresidences.fi\/wp-content\/uploads\/2023\/04\/055.jpg\",\"contentUrl\":\"https:\/\/www.rukaresidences.fi\/wp-content\/uploads\/2023\/04\/055.jpg\",\"width\":1800,\"height\":1200},{\"@type\":\"BreadcrumbList\",\"@id\":\"https:\/\/www.rukaresidences.fi\/sv\/chalet-rukanhelmi\/#breadcrumb\",\"itemListElement\":[{\"@type\":\"ListItem\",\"position\":1,\"name\":\"Etusivu\",\"item\":\"https:\/\/www.rukaresidences.fi\/sv\/\"},{\"@type\":\"ListItem\",\"position\":2,\"name\":\"Chalet Rukanhelmi\"}]},{\"@type\":\"WebSite\",\"@id\":\"https:\/\/www.rukaresidences.fi\/sv\/#website\",\"url\":\"https:\/\/www.rukaresidences.fi\/sv\/\",\"name\":\"Ruka Residences, Norra Finland\",\"description\":\"\",\"publisher\":{\"@id\":\"https:\/\/www.rukaresidences.fi\/sv\/#organization\"},\"potentialAction\":[{\"@type\":\"SearchAction\",\"target\":{\"@type\":\"EntryPoint\",\"urlTemplate\":\"https:\/\/www.rukaresidences.fi\/sv\/?s={search_term_string}\"},\"query-input\":{\"@type\":\"PropertyValueSpecification\",\"valueRequired\":true,\"valueName\":\"search_term_string\"}}],\"inLanguage\":\"sv-SE\"},{\"@type\":\"Organization\",\"@id\":\"https:\/\/www.rukaresidences.fi\/sv\/#organization\",\"name\":\"Ruka Residences, Norra Finland\",\"url\":\"https:\/\/www.rukaresidences.fi\/sv\/\",\"logo\":{\"@type\":\"ImageObject\",\"inLanguage\":\"sv-SE\",\"@id\":\"https:\/\/www.rukaresidences.fi\/sv\/#\/schema\/logo\/image\/\",\"url\":\"https:\/\/www.rukaresidences.fi\/wp-content\/uploads\/2023\/04\/logo.jpg\",\"contentUrl\":\"https:\/\/www.rukaresidences.fi\/wp-content\/uploads\/2023\/04\/logo.jpg\",\"width\":242,\"height\":104,\"caption\":\"Ruka Residences, Norra Finland\"},\"image\":{\"@id\":\"https:\/\/www.rukaresidences.fi\/sv\/#\/schema\/logo\/image\/\"}}]}<\/script>\n<!-- \/ Yoast SEO plugin. -->","yoast_head_json":{"title":"Chalet Rukanhelmi - Ruka Residences, Norra Finland","description":"En lyxig villa i torr furu i Ruka Ski Center, norra Finland. B\u00e4ddar f\u00f6r 12 personer och extrab\u00e4ddar f\u00f6r fyra samt.","robots":{"index":"index","follow":"follow","max-snippet":"max-snippet:-1","max-image-preview":"max-image-preview:large","max-video-preview":"max-video-preview:-1"},"canonical":"https:\/\/www.rukaresidences.fi\/sv\/chalet-rukanhelmi\/","og_locale":"sv_SE","og_type":"article","og_title":"Chalet Rukanhelmi - Ruka Residences, Norra Finland","og_description":"En lyxig villa i torr furu i Ruka Ski Center, norra Finland. B\u00e4ddar f\u00f6r 12 personer och extrab\u00e4ddar f\u00f6r fyra samt.","og_url":"https:\/\/www.rukaresidences.fi\/sv\/chalet-rukanhelmi\/","og_site_name":"Ruka Residences, Norra Finland","article_modified_time":"2023-04-21T06:19:50+00:00","og_image":[{"width":1800,"height":1200,"url":"https:\/\/www.rukaresidences.fi\/wp-content\/uploads\/2023\/04\/055.jpg","type":"image\/jpeg"}],"twitter_card":"summary_large_image","twitter_misc":{"Ber\u00e4knad l\u00e4stid":"5 minuter"},"schema":{"@context":"https:\/\/schema.org","@graph":[{"@type":"WebPage","@id":"https:\/\/www.rukaresidences.fi\/sv\/chalet-rukanhelmi\/","url":"https:\/\/www.rukaresidences.fi\/sv\/chalet-rukanhelmi\/","name":"Chalet Rukanhelmi - Ruka Residences, Norra Finland","isPartOf":{"@id":"https:\/\/www.rukaresidences.fi\/sv\/#website"},"primaryImageOfPage":{"@id":"https:\/\/www.rukaresidences.fi\/sv\/chalet-rukanhelmi\/#primaryimage"},"image":{"@id":"https:\/\/www.rukaresidences.fi\/sv\/chalet-rukanhelmi\/#primaryimage"},"thumbnailUrl":"https:\/\/www.rukaresidences.fi\/wp-content\/uploads\/2023\/04\/055.jpg","datePublished":"2013-11-22T14:27:27+00:00","dateModified":"2023-04-21T06:19:50+00:00","description":"En lyxig villa i torr furu i Ruka Ski Center, norra Finland. B\u00e4ddar f\u00f6r 12 personer och extrab\u00e4ddar f\u00f6r fyra samt.","breadcrumb":{"@id":"https:\/\/www.rukaresidences.fi\/sv\/chalet-rukanhelmi\/#breadcrumb"},"inLanguage":"sv-SE","potentialAction":[{"@type":"ReadAction","target":["https:\/\/www.rukaresidences.fi\/sv\/chalet-rukanhelmi\/"]}]},{"@type":"ImageObject","inLanguage":"sv-SE","@id":"https:\/\/www.rukaresidences.fi\/sv\/chalet-rukanhelmi\/#primaryimage","url":"https:\/\/www.rukaresidences.fi\/wp-content\/uploads\/2023\/04\/055.jpg","contentUrl":"https:\/\/www.rukaresidences.fi\/wp-content\/uploads\/2023\/04\/055.jpg","width":1800,"height":1200},{"@type":"BreadcrumbList","@id":"https:\/\/www.rukaresidences.fi\/sv\/chalet-rukanhelmi\/#breadcrumb","itemListElement":[{"@type":"ListItem","position":1,"name":"Etusivu","item":"https:\/\/www.rukaresidences.fi\/sv\/"},{"@type":"ListItem","position":2,"name":"Chalet Rukanhelmi"}]},{"@type":"WebSite","@id":"https:\/\/www.rukaresidences.fi\/sv\/#website","url":"https:\/\/www.rukaresidences.fi\/sv\/","name":"Ruka Residences, Norra Finland","description":"","publisher":{"@id":"https:\/\/www.rukaresidences.fi\/sv\/#organization"},"potentialAction":[{"@type":"SearchAction","target":{"@type":"EntryPoint","urlTemplate":"https:\/\/www.rukaresidences.fi\/sv\/?s={search_term_string}"},"query-input":{"@type":"PropertyValueSpecification","valueRequired":true,"valueName":"search_term_string"}}],"inLanguage":"sv-SE"},{"@type":"Organization","@id":"https:\/\/www.rukaresidences.fi\/sv\/#organization","name":"Ruka Residences, Norra Finland","url":"https:\/\/www.rukaresidences.fi\/sv\/","logo":{"@type":"ImageObject","inLanguage":"sv-SE","@id":"https:\/\/www.rukaresidences.fi\/sv\/#\/schema\/logo\/image\/","url":"https:\/\/www.rukaresidences.fi\/wp-content\/uploads\/2023\/04\/logo.jpg","contentUrl":"https:\/\/www.rukaresidences.fi\/wp-content\/uploads\/2023\/04\/logo.jpg","width":242,"height":104,"caption":"Ruka Residences, Norra Finland"},"image":{"@id":"https:\/\/www.rukaresidences.fi\/sv\/#\/schema\/logo\/image\/"}}]}},"_links":{"self":[{"href":"https:\/\/www.rukaresidences.fi\/sv\/wp-json\/wp\/v2\/pages\/512","targetHints":{"allow":["GET"]}}],"collection":[{"href":"https:\/\/www.rukaresidences.fi\/sv\/wp-json\/wp\/v2\/pages"}],"about":[{"href":"https:\/\/www.rukaresidences.fi\/sv\/wp-json\/wp\/v2\/types\/page"}],"author":[{"embeddable":true,"href":"https:\/\/www.rukaresidences.fi\/sv\/wp-json\/wp\/v2\/users\/1"}],"replies":[{"embeddable":true,"href":"https:\/\/www.rukaresidences.fi\/sv\/wp-json\/wp\/v2\/comments?post=512"}],"version-history":[{"count":0,"href":"https:\/\/www.rukaresidences.fi\/sv\/wp-json\/wp\/v2\/pages\/512\/revisions"}],"wp:featuredmedia":[{"embeddable":true,"href":"https:\/\/www.rukaresidences.fi\/sv\/wp-json\/wp\/v2\/media\/441"}],"wp:attachment":[{"href":"https:\/\/www.rukaresidences.fi\/sv\/wp-json\/wp\/v2\/media?parent=512"}],"curies":[{"name":"wp","href":"https:\/\/api.w.org\/{rel}","templated":true}]}}