{"id":471,"date":"2013-11-22T16:06:50","date_gmt":"2013-11-22T14:06:50","guid":{"rendered":"https:\/\/www.rukaresidences.fi\/chalet-vuosselin-kruunu\/"},"modified":"2023-04-21T09:18:30","modified_gmt":"2023-04-21T06:18:30","slug":"chalet-vuosselin-kruunu","status":"publish","type":"page","link":"https:\/\/www.rukaresidences.fi\/de\/chalet-vuosselin-kruunu\/","title":{"rendered":"Chalet Vuosselin Kruunu"},"content":{"rendered":"<h1>Chalet Vuosselin Kruunu<br \/>\n<\/h1>\n<div>\n<p>Vuosselin Kruunu ist ein luxuri\u00f6ses Ferienhaus mit Massivholzoberfl\u00e4che und mit 160 m<sup>2<\/sup>\u00a0Wohnfl\u00e4che f\u00fcr 21 Personen. Der grosse kombinierte K\u00fcchen-Wohnbereich mit offenem Kamin und 65\u201d Smart TV und Stereoanlage l\u00e4dt zum entspannen ein. Das Ferienhaus hat 6 Schlafzimmer, vier Toiletten, eine Sauna f\u00fcr 8 Personen und einen Hauswirtschaftsraum mit Waschmaschine und Trockenschrank sowie einen abschliessbaren Abstellraum f\u00fcr Ski und Snowboards im Carport. Im Haus befinden sich 16 Betten zzgl. 5 Zustellbetten. Kinderbetten k\u00f6nnen gegen Aufpreis bestellt werden. Zur Ausstattung des Ferienhauses geh\u00f6hren 2 K\u00fchlschr\u00e4nke, 1 Tiefk\u00fchlschrank, Sp\u00fclmaschine, Feuerholz, etc. Internet ist Nutzbar mit WIFI und Kabelanschluss.<\/p>\n<p>Der Esstisch kann verl\u00e4ngert werden und bietet Platz f\u00fcr bis zu 20 Personen.<\/p>\n<p>Das Ferienhaus befindet sich nahe des Vuosselin Skiliftes auf der Ostseite des Ruka, 50 m von der nahegelegenen Skiabfahrt und 100 m vom Skilift. Die Langlaufloipe ist auch nur 100 m entfernt.<\/p>\n<p>Sie k\u00f6nnen die verf\u00fcgbaren Zeitr\u00e4ume und Preise im Online-Shop einsehen.<\/p>\n<\/div>\n<ul>\n<li>\n        <a href=\"http:\/\/rukaresidences.panoraamakuvat.fi\/vuosselinkruunu\/\">360\u00b0 Panoramabilder<\/a>\n    <\/li>\n<li>\n        <a href=\"\/de\/buchungsbedingungen\/\">Buchungsbedingungen<\/a>\n    <\/li>\n<\/ul>\n<div>\n<h3> Buche online<\/h3>\n<div>\n<p><iframe loading=\"lazy\" width=\"100%\" height=\"900\" src=\"https:\/\/rukaresidences.bookingonline.fi\/stable\/integroitukalenteri.jsp?teema_id=992&amp;myyja_id=16046&amp;kiintea_tuote_id=16591&amp;kieli=UKN\"><\/iframe><\/p>\n<\/div>\n<\/div>\n<h1>Fotos<\/h1>\n<ul>\n<li>\n<p>        <img decoding=\"async\" src=\"\/wp-content\/uploads\/2023\/04\/180.jpg\" alt=\"\"><\/p>\n<h3>180<\/h3>\n<\/li>\n<li>\n<p>        <img decoding=\"async\" src=\"\/wp-content\/uploads\/2023\/04\/145.jpg\" alt=\"\"><\/p>\n<h3>145<\/h3>\n<\/li>\n<li>\n<p>        <img decoding=\"async\" src=\"\/wp-content\/uploads\/2023\/04\/142.jpg\" alt=\"\"><\/p>\n<h3>142<\/h3>\n<\/li>\n<li>\n<p>        <img decoding=\"async\" src=\"\/wp-content\/uploads\/2023\/04\/137.jpg\" alt=\"\"><\/p>\n<h3>137<\/h3>\n<\/li>\n<li>\n<p>        <img decoding=\"async\" src=\"\/wp-content\/uploads\/2023\/04\/135.jpg\" alt=\"\"><\/p>\n<h3>135<\/h3>\n<\/li>\n<li>\n<p>        <img decoding=\"async\" src=\"\/wp-content\/uploads\/2023\/04\/133.jpg\" alt=\"\"><\/p>\n<h3>133<\/h3>\n<\/li>\n<li>\n<p>        <img decoding=\"async\" src=\"\/wp-content\/uploads\/2023\/04\/131-1.jpg\" alt=\"\"><\/p>\n<h3>131<\/h3>\n<\/li>\n<li>\n<p>        <img decoding=\"async\" src=\"\/wp-content\/uploads\/2023\/04\/184.jpg\" alt=\"\"><\/p>\n<h3>184<\/h3>\n<\/li>\n<li>\n<p>        <img decoding=\"async\" src=\"\/wp-content\/uploads\/2023\/04\/152.jpg\" alt=\"\"><\/p>\n<h3>152<\/h3>\n<\/li>\n<li>\n<p>        <img decoding=\"async\" src=\"\/wp-content\/uploads\/2023\/04\/151.jpg\" alt=\"\"><\/p>\n<h3>151<\/h3>\n<\/li>\n<li>\n<p>        <img decoding=\"async\" src=\"\/wp-content\/uploads\/2023\/04\/128.jpg\" alt=\"\"><\/p>\n<h3>128<\/h3>\n<\/li>\n<li>\n<p>        <img decoding=\"async\" src=\"\/wp-content\/uploads\/2023\/04\/123.jpg\" alt=\"\"><\/p>\n<h3>123<\/h3>\n<\/li>\n<li>\n<p>        <img decoding=\"async\" src=\"\/wp-content\/uploads\/2023\/04\/169.jpg\" alt=\"\"><\/p>\n<h3>169<\/h3>\n<\/li>\n<li>\n<p>        <img decoding=\"async\" src=\"\/wp-content\/uploads\/2023\/04\/VK-M04852-dot-p.gif\" alt=\"\"><\/p>\n<h3>VK-M04852-dot-p<\/h3>\n<\/li>\n<\/ul>\n<p><!--more--><br \/>\n<!-- {\"name\":\"\",\"type\":\"layout\",\"children\":[{\"type\":\"section\",\"props\":{\"height\":\"percent\",\"image\":\"https:\\\/\\\/www.rukaresidences.fi\\\/wp-content\\\/uploads\\\/2023\\\/04\\\/159.jpg\",\"image_height\":\"600\",\"image_loading\":true,\"image_position\":\"center-center\",\"image_size\":\"cover\",\"image_width\":\"1920\",\"style\":\"secondary\",\"title_breakpoint\":\"xl\",\"title_position\":\"top-left\",\"title_rotation\":\"left\",\"vertical_align\":\"bottom\",\"width\":\"default\"},\"children\":[{\"type\":\"row\",\"children\":[{\"type\":\"column\",\"props\":{\"image_position\":\"center-center\",\"media_overlay_gradient\":\"\",\"position_sticky_breakpoint\":\"m\"},\"children\":[{\"type\":\"headline\",\"props\":{\"content\":\"Chalet Vuosselin Kruunu\\n\",\"title_element\":\"h1\",\"title_style\":\"heading-small\"}}]}]}]},{\"name\":\"\",\"type\":\"section\",\"props\":{\"image_position\":\"center-center\",\"padding_remove_bottom\":false,\"style\":\"default\",\"title_breakpoint\":\"xl\",\"title_position\":\"top-left\",\"title_rotation\":\"left\",\"vertical_align\":\"middle\",\"width\":\"default\"},\"children\":[{\"name\":\"\",\"type\":\"row\",\"props\":{\"column_gap\":\"large\",\"layout\":\"expand,large\",\"margin\":\"large\",\"margin_remove_bottom\":true},\"children\":[{\"name\":\"\",\"type\":\"column\",\"props\":{\"image_position\":\"center-center\",\"media_overlay_gradient\":\"\",\"position_sticky_breakpoint\":\"m\",\"width_medium\":\"expand\",\"width_small\":\"\"},\"children\":[{\"name\":\"\",\"type\":\"text\",\"props\":{\"column_breakpoint\":\"m\",\"content\":\"\n\n<p>Vuosselin Kruunu ist ein luxuri\\u00f6ses Ferienhaus mit Massivholzoberfl\\u00e4che und mit 160 m<sup>2<\\\/sup>\\u00a0Wohnfl\\u00e4che f\\u00fcr 21 Personen. Der grosse kombinierte K\\u00fcchen-Wohnbereich mit offenem Kamin und 65\\u201d Smart TV und Stereoanlage l\\u00e4dt zum entspannen ein. Das Ferienhaus hat 6 Schlafzimmer, vier Toiletten, eine Sauna f\\u00fcr 8 Personen und einen Hauswirtschaftsraum mit Waschmaschine und Trockenschrank sowie einen abschliessbaren Abstellraum f\\u00fcr Ski und Snowboards im Carport. Im Haus befinden sich 16 Betten zzgl. 5 Zustellbetten. Kinderbetten k\\u00f6nnen gegen Aufpreis bestellt werden. Zur Ausstattung des Ferienhauses geh\\u00f6hren 2 K\\u00fchlschr\\u00e4nke, 1 Tiefk\\u00fchlschrank, Sp\\u00fclmaschine, Feuerholz, etc. Internet ist Nutzbar mit WIFI und Kabelanschluss.<\\\/p>\\n\n\n<p>Der Esstisch kann verl\\u00e4ngert werden und bietet Platz f\\u00fcr bis zu 20 Personen.<\\\/p>\\n\n\n<p>Das Ferienhaus befindet sich nahe des Vuosselin Skiliftes auf der Ostseite des Ruka, 50 m von der nahegelegenen Skiabfahrt und 100 m vom Skilift. Die Langlaufloipe ist auch nur 100 m entfernt.<\\\/p>\\n\n\n<p>Sie k\\u00f6nnen die verf\\u00fcgbaren Zeitr\\u00e4ume und Preise im Online-Shop einsehen.<\\\/p>\",\"margin\":\"default\"}}]},{\"name\":\"\",\"type\":\"column\",\"props\":{\"image_position\":\"center-center\",\"media_overlay_gradient\":\"\",\"position_sticky\":\"row\",\"position_sticky_breakpoint\":\"m\",\"width_medium\":\"large\",\"width_small\":\"\"},\"children\":[{\"name\":\"\",\"type\":\"button\",\"props\":{\"grid_column_gap\":\"small\",\"grid_row_gap\":\"small\",\"margin\":\"large\"},\"children\":[{\"name\":\"\",\"type\":\"button_item\",\"props\":{\"button_style\":\"primary\",\"content\":\"360\\u00b0 Panoramabilder\",\"icon\":\"\",\"icon_align\":\"left\",\"link\":\"http:\\\/\\\/rukaresidences.panoraamakuvat.fi\\\/vuosselinkruunu\\\/\"}},{\"type\":\"button_item\",\"props\":{\"button_style\":\"primary\",\"content\":\"Buchungsbedingungen\",\"icon_align\":\"left\",\"lightbox_height\":\"1000\",\"lightbox_width\":\"800\",\"link\":\"de\\\/buchungsbedingungen\\\/\",\"link_target\":\"modal\"}}]},{\"type\":\"accordion\",\"props\":{\"collapsible\":true,\"content_column_breakpoint\":\"m\",\"content_style\":\"lead\",\"image_align\":\"top\",\"image_grid_breakpoint\":\"m\",\"image_grid_width\":\"1-2\",\"image_svg_color\":\"emphasis\",\"link_style\":\"default\",\"link_text\":\"\",\"show_image\":true,\"show_link\":true},\"children\":[{\"type\":\"accordion_item\",\"props\":{\"content\":\"\n\n<p><iframe width=\\\"100%\\\" height=\\\"900\\\" src=\\\"https:\\\/\\\/rukaresidences.bookingonline.fi\\\/stable\\\/integroitukalenteri.jsp?teema_id=992&amp;myyja_id=16046&amp;kiintea_tuote_id=16591&amp;kieli=UKN\\\"><\\\/iframe><\\\/p>\",\"title\":\" Buche online\"}}]}]}]}]},{\"name\":\"\",\"type\":\"section\",\"props\":{\"image_position\":\"center-center\",\"padding_remove_top\":true,\"style\":\"default\",\"title_breakpoint\":\"xl\",\"title_position\":\"top-left\",\"title_rotation\":\"left\",\"vertical_align\":\"middle\",\"width\":\"default\"},\"children\":[{\"name\":\"\",\"type\":\"row\",\"children\":[{\"name\":\"\",\"type\":\"column\",\"props\":{\"image_position\":\"center-center\",\"media_overlay_gradient\":\"\",\"position_sticky_breakpoint\":\"m\",\"width_medium\":\"1-1\"},\"children\":[{\"name\":\"\",\"type\":\"headline\",\"props\":{\"content\":\"Fotos\",\"title_element\":\"h1\",\"title_style\":\"h2\"}},{\"name\":\"\",\"type\":\"gallery\",\"props\":{\"filter_align\":\"left\",\"filter_all\":true,\"filter_grid_breakpoint\":\"m\",\"filter_grid_width\":\"auto\",\"filter_position\":\"top\",\"filter_style\":\"tab\",\"grid_default\":\"1\",\"grid_medium\":\"4\",\"grid_small\":\"2\",\"item_animation\":true,\"lightbox\":true,\"link_style\":\"default\",\"link_text\":\"\",\"margin\":\"default\",\"meta_align\":\"below-title\",\"meta_element\":\"div\",\"meta_style\":\"text-meta\",\"overlay_hover\":true,\"overlay_link\":true,\"overlay_mode\":\"cover\",\"overlay_position\":\"center\",\"overlay_style\":\"overlay-primary\",\"overlay_transition\":\"fade\",\"parallax_easing\":\"1\",\"show_content\":false,\"show_hover_image\":false,\"show_link\":false,\"show_meta\":false,\"show_title\":false,\"text_align\":\"center\",\"text_color\":\"light\",\"title_element\":\"h3\",\"title_hover_style\":\"reset\"},\"children\":[{\"type\":\"gallery_item\",\"props\":{\"image\":\"wp-content\\\/uploads\\\/2023\\\/04\\\/180.jpg\",\"title\":\"180\"}},{\"type\":\"gallery_item\",\"props\":{\"image\":\"wp-content\\\/uploads\\\/2023\\\/04\\\/145.jpg\",\"title\":\"145\"}},{\"type\":\"gallery_item\",\"props\":{\"image\":\"wp-content\\\/uploads\\\/2023\\\/04\\\/142.jpg\",\"title\":\"142\"}},{\"type\":\"gallery_item\",\"props\":{\"image\":\"wp-content\\\/uploads\\\/2023\\\/04\\\/137.jpg\",\"title\":\"137\"}},{\"type\":\"gallery_item\",\"props\":{\"image\":\"wp-content\\\/uploads\\\/2023\\\/04\\\/135.jpg\",\"title\":\"135\"}},{\"type\":\"gallery_item\",\"props\":{\"image\":\"wp-content\\\/uploads\\\/2023\\\/04\\\/133.jpg\",\"title\":\"133\"}},{\"type\":\"gallery_item\",\"props\":{\"image\":\"wp-content\\\/uploads\\\/2023\\\/04\\\/131-1.jpg\",\"title\":\"131\"}},{\"type\":\"gallery_item\",\"props\":{\"image\":\"wp-content\\\/uploads\\\/2023\\\/04\\\/184.jpg\",\"title\":\"184\"}},{\"type\":\"gallery_item\",\"props\":{\"image\":\"wp-content\\\/uploads\\\/2023\\\/04\\\/152.jpg\",\"title\":\"152\"}},{\"type\":\"gallery_item\",\"props\":{\"image\":\"wp-content\\\/uploads\\\/2023\\\/04\\\/151.jpg\",\"title\":\"151\"}},{\"type\":\"gallery_item\",\"props\":{\"image\":\"wp-content\\\/uploads\\\/2023\\\/04\\\/128.jpg\",\"title\":\"128\"}},{\"type\":\"gallery_item\",\"props\":{\"image\":\"wp-content\\\/uploads\\\/2023\\\/04\\\/123.jpg\",\"title\":\"123\"}},{\"type\":\"gallery_item\",\"props\":{\"image\":\"wp-content\\\/uploads\\\/2023\\\/04\\\/169.jpg\",\"title\":\"169\"}},{\"type\":\"gallery_item\",\"props\":{\"image\":\"wp-content\\\/uploads\\\/2023\\\/04\\\/VK-M04852-dot-p.gif\",\"title\":\"VK-M04852-dot-p\"}}]}]}]}]}],\"version\":\"3.0.30\"} --><\/p>\n","protected":false},"excerpt":{"rendered":"<p>Chalet Vuosselin Kruunu Vuosselin Kruunu ist ein luxuri\u00f6ses Ferienhaus mit Massivholzoberfl\u00e4che und mit 160 m2\u00a0Wohnfl\u00e4che f\u00fcr 21 Personen. Der grosse kombinierte K\u00fcchen-Wohnbereich mit offenem Kamin und 65\u201d Smart TV und Stereoanlage l\u00e4dt zum entspannen ein. Das Ferienhaus hat 6 Schlafzimmer, vier Toiletten, eine Sauna f\u00fcr 8 Personen und einen Hauswirtschaftsraum mit Waschmaschine und Trockenschrank sowie [&hellip;]<\/p>\n","protected":false},"author":1,"featured_media":336,"parent":0,"menu_order":0,"comment_status":"closed","ping_status":"closed","template":"","meta":{"footnotes":""},"class_list":["post-471","page","type-page","status-publish","has-post-thumbnail","hentry"],"yoast_head":"<!-- This site is optimized with the Yoast SEO plugin v26.6 - https:\/\/yoast.com\/wordpress\/plugins\/seo\/ -->\n<title>Chalet Vuosselin Kruunu - Ruka Residences, Nordfinnland<\/title>\n<meta name=\"description\" content=\"Eine luxuri\u00f6se Ferienwohnung mit Massivholzoberfl\u00e4che in Ruka mit Betten f\u00fcr 21 Personen. Ruka.\" \/>\n<meta name=\"robots\" content=\"index, follow, max-snippet:-1, max-image-preview:large, max-video-preview:-1\" \/>\n<link rel=\"canonical\" href=\"https:\/\/www.rukaresidences.fi\/de\/chalet-vuosselin-kruunu\/\" \/>\n<meta property=\"og:locale\" content=\"de_DE\" \/>\n<meta property=\"og:type\" content=\"article\" \/>\n<meta property=\"og:title\" content=\"Chalet Vuosselin Kruunu - Ruka Residences, Nordfinnland\" \/>\n<meta property=\"og:description\" content=\"Eine luxuri\u00f6se Ferienwohnung mit Massivholzoberfl\u00e4che in Ruka mit Betten f\u00fcr 21 Personen. Ruka.\" \/>\n<meta property=\"og:url\" content=\"https:\/\/www.rukaresidences.fi\/de\/chalet-vuosselin-kruunu\/\" \/>\n<meta property=\"og:site_name\" content=\"Ruka Residences, Nordfinnland\" \/>\n<meta property=\"article:modified_time\" content=\"2023-04-21T06:18:30+00:00\" \/>\n<meta property=\"og:image\" content=\"https:\/\/www.rukaresidences.fi\/wp-content\/uploads\/2023\/04\/159.jpg\" \/>\n\t<meta property=\"og:image:width\" content=\"1800\" \/>\n\t<meta property=\"og:image:height\" content=\"1200\" \/>\n\t<meta property=\"og:image:type\" content=\"image\/jpeg\" \/>\n<meta name=\"twitter:card\" content=\"summary_large_image\" \/>\n<meta name=\"twitter:label1\" content=\"Gesch\u00e4tzte Lesezeit\" \/>\n\t<meta name=\"twitter:data1\" content=\"5\u00a0Minuten\" \/>\n<script type=\"application\/ld+json\" class=\"yoast-schema-graph\">{\"@context\":\"https:\/\/schema.org\",\"@graph\":[{\"@type\":\"WebPage\",\"@id\":\"https:\/\/www.rukaresidences.fi\/de\/chalet-vuosselin-kruunu\/\",\"url\":\"https:\/\/www.rukaresidences.fi\/de\/chalet-vuosselin-kruunu\/\",\"name\":\"Chalet Vuosselin Kruunu - Ruka Residences, Nordfinnland\",\"isPartOf\":{\"@id\":\"https:\/\/www.rukaresidences.fi\/de\/#website\"},\"primaryImageOfPage\":{\"@id\":\"https:\/\/www.rukaresidences.fi\/de\/chalet-vuosselin-kruunu\/#primaryimage\"},\"image\":{\"@id\":\"https:\/\/www.rukaresidences.fi\/de\/chalet-vuosselin-kruunu\/#primaryimage\"},\"thumbnailUrl\":\"https:\/\/www.rukaresidences.fi\/wp-content\/uploads\/2023\/04\/159.jpg\",\"datePublished\":\"2013-11-22T14:06:50+00:00\",\"dateModified\":\"2023-04-21T06:18:30+00:00\",\"description\":\"Eine luxuri\u00f6se Ferienwohnung mit Massivholzoberfl\u00e4che in Ruka mit Betten f\u00fcr 21 Personen. Ruka.\",\"breadcrumb\":{\"@id\":\"https:\/\/www.rukaresidences.fi\/de\/chalet-vuosselin-kruunu\/#breadcrumb\"},\"inLanguage\":\"de\",\"potentialAction\":[{\"@type\":\"ReadAction\",\"target\":[\"https:\/\/www.rukaresidences.fi\/de\/chalet-vuosselin-kruunu\/\"]}]},{\"@type\":\"ImageObject\",\"inLanguage\":\"de\",\"@id\":\"https:\/\/www.rukaresidences.fi\/de\/chalet-vuosselin-kruunu\/#primaryimage\",\"url\":\"https:\/\/www.rukaresidences.fi\/wp-content\/uploads\/2023\/04\/159.jpg\",\"contentUrl\":\"https:\/\/www.rukaresidences.fi\/wp-content\/uploads\/2023\/04\/159.jpg\",\"width\":1800,\"height\":1200},{\"@type\":\"BreadcrumbList\",\"@id\":\"https:\/\/www.rukaresidences.fi\/de\/chalet-vuosselin-kruunu\/#breadcrumb\",\"itemListElement\":[{\"@type\":\"ListItem\",\"position\":1,\"name\":\"Etusivu\",\"item\":\"https:\/\/www.rukaresidences.fi\/de\/\"},{\"@type\":\"ListItem\",\"position\":2,\"name\":\"Chalet Vuosselin Kruunu\"}]},{\"@type\":\"WebSite\",\"@id\":\"https:\/\/www.rukaresidences.fi\/de\/#website\",\"url\":\"https:\/\/www.rukaresidences.fi\/de\/\",\"name\":\"Ruka Residences, Nordfinnland\",\"description\":\"\",\"publisher\":{\"@id\":\"https:\/\/www.rukaresidences.fi\/de\/#organization\"},\"potentialAction\":[{\"@type\":\"SearchAction\",\"target\":{\"@type\":\"EntryPoint\",\"urlTemplate\":\"https:\/\/www.rukaresidences.fi\/de\/?s={search_term_string}\"},\"query-input\":{\"@type\":\"PropertyValueSpecification\",\"valueRequired\":true,\"valueName\":\"search_term_string\"}}],\"inLanguage\":\"de\"},{\"@type\":\"Organization\",\"@id\":\"https:\/\/www.rukaresidences.fi\/de\/#organization\",\"name\":\"Ruka Residences, Nordfinnland\",\"url\":\"https:\/\/www.rukaresidences.fi\/de\/\",\"logo\":{\"@type\":\"ImageObject\",\"inLanguage\":\"de\",\"@id\":\"https:\/\/www.rukaresidences.fi\/de\/#\/schema\/logo\/image\/\",\"url\":\"https:\/\/www.rukaresidences.fi\/wp-content\/uploads\/2023\/04\/logo.jpg\",\"contentUrl\":\"https:\/\/www.rukaresidences.fi\/wp-content\/uploads\/2023\/04\/logo.jpg\",\"width\":242,\"height\":104,\"caption\":\"Ruka Residences, Nordfinnland\"},\"image\":{\"@id\":\"https:\/\/www.rukaresidences.fi\/de\/#\/schema\/logo\/image\/\"}}]}<\/script>\n<!-- \/ Yoast SEO plugin. -->","yoast_head_json":{"title":"Chalet Vuosselin Kruunu - Ruka Residences, Nordfinnland","description":"Eine luxuri\u00f6se Ferienwohnung mit Massivholzoberfl\u00e4che in Ruka mit Betten f\u00fcr 21 Personen. Ruka.","robots":{"index":"index","follow":"follow","max-snippet":"max-snippet:-1","max-image-preview":"max-image-preview:large","max-video-preview":"max-video-preview:-1"},"canonical":"https:\/\/www.rukaresidences.fi\/de\/chalet-vuosselin-kruunu\/","og_locale":"de_DE","og_type":"article","og_title":"Chalet Vuosselin Kruunu - Ruka Residences, Nordfinnland","og_description":"Eine luxuri\u00f6se Ferienwohnung mit Massivholzoberfl\u00e4che in Ruka mit Betten f\u00fcr 21 Personen. Ruka.","og_url":"https:\/\/www.rukaresidences.fi\/de\/chalet-vuosselin-kruunu\/","og_site_name":"Ruka Residences, Nordfinnland","article_modified_time":"2023-04-21T06:18:30+00:00","og_image":[{"width":1800,"height":1200,"url":"https:\/\/www.rukaresidences.fi\/wp-content\/uploads\/2023\/04\/159.jpg","type":"image\/jpeg"}],"twitter_card":"summary_large_image","twitter_misc":{"Gesch\u00e4tzte Lesezeit":"5\u00a0Minuten"},"schema":{"@context":"https:\/\/schema.org","@graph":[{"@type":"WebPage","@id":"https:\/\/www.rukaresidences.fi\/de\/chalet-vuosselin-kruunu\/","url":"https:\/\/www.rukaresidences.fi\/de\/chalet-vuosselin-kruunu\/","name":"Chalet Vuosselin Kruunu - Ruka Residences, Nordfinnland","isPartOf":{"@id":"https:\/\/www.rukaresidences.fi\/de\/#website"},"primaryImageOfPage":{"@id":"https:\/\/www.rukaresidences.fi\/de\/chalet-vuosselin-kruunu\/#primaryimage"},"image":{"@id":"https:\/\/www.rukaresidences.fi\/de\/chalet-vuosselin-kruunu\/#primaryimage"},"thumbnailUrl":"https:\/\/www.rukaresidences.fi\/wp-content\/uploads\/2023\/04\/159.jpg","datePublished":"2013-11-22T14:06:50+00:00","dateModified":"2023-04-21T06:18:30+00:00","description":"Eine luxuri\u00f6se Ferienwohnung mit Massivholzoberfl\u00e4che in Ruka mit Betten f\u00fcr 21 Personen. Ruka.","breadcrumb":{"@id":"https:\/\/www.rukaresidences.fi\/de\/chalet-vuosselin-kruunu\/#breadcrumb"},"inLanguage":"de","potentialAction":[{"@type":"ReadAction","target":["https:\/\/www.rukaresidences.fi\/de\/chalet-vuosselin-kruunu\/"]}]},{"@type":"ImageObject","inLanguage":"de","@id":"https:\/\/www.rukaresidences.fi\/de\/chalet-vuosselin-kruunu\/#primaryimage","url":"https:\/\/www.rukaresidences.fi\/wp-content\/uploads\/2023\/04\/159.jpg","contentUrl":"https:\/\/www.rukaresidences.fi\/wp-content\/uploads\/2023\/04\/159.jpg","width":1800,"height":1200},{"@type":"BreadcrumbList","@id":"https:\/\/www.rukaresidences.fi\/de\/chalet-vuosselin-kruunu\/#breadcrumb","itemListElement":[{"@type":"ListItem","position":1,"name":"Etusivu","item":"https:\/\/www.rukaresidences.fi\/de\/"},{"@type":"ListItem","position":2,"name":"Chalet Vuosselin Kruunu"}]},{"@type":"WebSite","@id":"https:\/\/www.rukaresidences.fi\/de\/#website","url":"https:\/\/www.rukaresidences.fi\/de\/","name":"Ruka Residences, Nordfinnland","description":"","publisher":{"@id":"https:\/\/www.rukaresidences.fi\/de\/#organization"},"potentialAction":[{"@type":"SearchAction","target":{"@type":"EntryPoint","urlTemplate":"https:\/\/www.rukaresidences.fi\/de\/?s={search_term_string}"},"query-input":{"@type":"PropertyValueSpecification","valueRequired":true,"valueName":"search_term_string"}}],"inLanguage":"de"},{"@type":"Organization","@id":"https:\/\/www.rukaresidences.fi\/de\/#organization","name":"Ruka Residences, Nordfinnland","url":"https:\/\/www.rukaresidences.fi\/de\/","logo":{"@type":"ImageObject","inLanguage":"de","@id":"https:\/\/www.rukaresidences.fi\/de\/#\/schema\/logo\/image\/","url":"https:\/\/www.rukaresidences.fi\/wp-content\/uploads\/2023\/04\/logo.jpg","contentUrl":"https:\/\/www.rukaresidences.fi\/wp-content\/uploads\/2023\/04\/logo.jpg","width":242,"height":104,"caption":"Ruka Residences, Nordfinnland"},"image":{"@id":"https:\/\/www.rukaresidences.fi\/de\/#\/schema\/logo\/image\/"}}]}},"_links":{"self":[{"href":"https:\/\/www.rukaresidences.fi\/de\/wp-json\/wp\/v2\/pages\/471","targetHints":{"allow":["GET"]}}],"collection":[{"href":"https:\/\/www.rukaresidences.fi\/de\/wp-json\/wp\/v2\/pages"}],"about":[{"href":"https:\/\/www.rukaresidences.fi\/de\/wp-json\/wp\/v2\/types\/page"}],"author":[{"embeddable":true,"href":"https:\/\/www.rukaresidences.fi\/de\/wp-json\/wp\/v2\/users\/1"}],"replies":[{"embeddable":true,"href":"https:\/\/www.rukaresidences.fi\/de\/wp-json\/wp\/v2\/comments?post=471"}],"version-history":[{"count":0,"href":"https:\/\/www.rukaresidences.fi\/de\/wp-json\/wp\/v2\/pages\/471\/revisions"}],"wp:featuredmedia":[{"embeddable":true,"href":"https:\/\/www.rukaresidences.fi\/de\/wp-json\/wp\/v2\/media\/336"}],"wp:attachment":[{"href":"https:\/\/www.rukaresidences.fi\/de\/wp-json\/wp\/v2\/media?parent=471"}],"curies":[{"name":"wp","href":"https:\/\/api.w.org\/{rel}","templated":true}]}}