{"id":470,"date":"2013-11-22T16:27:27","date_gmt":"2013-11-22T14:27:27","guid":{"rendered":"https:\/\/www.rukaresidences.fi\/chalet-rukanhelmi\/"},"modified":"2023-04-21T09:18:46","modified_gmt":"2023-04-21T06:18:46","slug":"chalet-rukanhelmi","status":"publish","type":"page","link":"https:\/\/www.rukaresidences.fi\/de\/chalet-rukanhelmi\/","title":{"rendered":"Chalet Rukanhelmi"},"content":{"rendered":"<h1>Chalet Rukanhelmi<\/h1>\n<div>\n<p>Rukanhelmi ist ein luxuri\u00f6ses Ferienhaus mit 153 m<sup>2<\/sup>\u00a0Wohnfl\u00e4che f\u00fcr 20 Personen, welches aus massiven stammtrockenen Kiefern (Kelo) gebaut ist.<\/p>\n<p>Das Ferienhaus bietet einen grossen kombinierten K\u00fcchen-Wohnbereich mit offenem Kamin, 5 Schlafzimmer, vier Toiletten, eine Kelo Sauna f\u00fcr 8 Personen, Hauswirtschaftsraum und Carport. Das Ferienhaus hat 12 Betten zzgl. 2 Zustellbetten und falls ben\u00f6tigt 2 Extra Matratzen. Kinderbetten k\u00f6nnen gegen Aufpreis bestellt werden. Zur weiteren Austattung geh\u00f6ren K\u00fchlschrank, Gefrierschrank, Sp\u00fclmaschine, Waschmaschine, Trockner und trocken Schrank, 55\u201c Smart TV, Stereoanlage und Feuerholz. Internetanschluss ist mit Kabelverbindung und lokalem WIFI Network m\u00f6glich.<\/p>\n<p>Das Ferienhaus liegt am Talvij\u00e4rvi auf der Westseite des Ruka. Der nahegelegene Skilift befindet sich in 400 meters Entfernung auf der gegen\u00fcberliegenden Seite des Talvij\u00e4rvi. Der Skilift endet direkt im Ruka Skizentrum.<\/p>\n<p>Die n\u00e4chste Langlaufloipe befindet sich nebenan auf dem Eis von Talvij\u00e4rvi und verbindet sich mit anderen Langlaufloipen rund um Ruka.<\/p>\n<p>Sie k\u00f6nnen die verf\u00fcgbaren Zeitr\u00e4ume und Preise im Online-Shop einsehen.<\/p>\n<\/div>\n<ul>\n<li>\n        <a href=\"http:\/\/rukaresidences.panoraamakuvat.fi\/rukanhelmi\/\">360\u00b0  Panoramabilder<\/a>\n    <\/li>\n<li>\n        <a href=\"\/de\/yleiset-varausehdot\/\">Buchungsbedingungen<\/a>\n    <\/li>\n<\/ul>\n<div>\n<h3> Buche online<\/h3>\n<div>\n<p><iframe loading=\"lazy\" width=\"100%\" height=\"900\" src=\"https:\/\/rukaresidences.bookingonline.fi\/stable\/integroitukalenteri.jsp?teema_id=992&amp;myyja_id=16046&amp;kiintea_tuote_id=17089&amp;kieli=UKN\"><\/iframe><\/p>\n<\/div>\n<\/div>\n<h1>Fotos<\/h1>\n<ul>\n<li>\n<p>        <img decoding=\"async\" src=\"\/wp-content\/uploads\/2023\/04\/014.jpg\" alt=\"\"><\/p>\n<h3>014<\/h3>\n<\/li>\n<li>\n<p>        <img decoding=\"async\" src=\"\/wp-content\/uploads\/2023\/04\/016.jpg\" alt=\"\"><\/p>\n<h3>016<\/h3>\n<\/li>\n<li>\n<p>        <img decoding=\"async\" src=\"\/wp-content\/uploads\/2023\/04\/023.jpg\" alt=\"\"><\/p>\n<h3>023<\/h3>\n<\/li>\n<li>\n<p>        <img decoding=\"async\" src=\"\/wp-content\/uploads\/2023\/04\/025.jpg\" alt=\"\"><\/p>\n<h3>025<\/h3>\n<\/li>\n<li>\n<p>        <img decoding=\"async\" src=\"\/wp-content\/uploads\/2023\/04\/030.jpg\" alt=\"\"><\/p>\n<h3>030<\/h3>\n<\/li>\n<li>\n<p>        <img decoding=\"async\" src=\"\/wp-content\/uploads\/2023\/04\/032.jpg\" alt=\"\"><\/p>\n<h3>032<\/h3>\n<\/li>\n<li>\n<p>        <img decoding=\"async\" src=\"\/wp-content\/uploads\/2023\/04\/043.jpg\" alt=\"\"><\/p>\n<h3>043<\/h3>\n<\/li>\n<li>\n<p>        <img decoding=\"async\" src=\"\/wp-content\/uploads\/2023\/04\/046.jpg\" alt=\"\"><\/p>\n<h3>046<\/h3>\n<\/li>\n<li>\n<p>        <img decoding=\"async\" src=\"\/wp-content\/uploads\/2023\/04\/051.jpg\" alt=\"\"><\/p>\n<h3>051<\/h3>\n<\/li>\n<li>\n<p>        <img decoding=\"async\" src=\"\/wp-content\/uploads\/2023\/04\/054.jpg\" alt=\"\"><\/p>\n<h3>054<\/h3>\n<\/li>\n<li>\n<p>        <img decoding=\"async\" src=\"\/wp-content\/uploads\/2023\/04\/055.jpg\" alt=\"\"><\/p>\n<h3>055<\/h3>\n<\/li>\n<li>\n<p>        <img decoding=\"async\" src=\"\/wp-content\/uploads\/2023\/04\/RH2.jpg\" alt=\"\"><\/p>\n<h3>RH2<\/h3>\n<\/li>\n<li>\n<p>        <img decoding=\"async\" src=\"\/wp-content\/uploads\/2023\/04\/Rukanhelmi_pohjapiirustus.jpg\" alt=\"\"><\/p>\n<h3>Rukanhelmi_pohjapiirustus<\/h3>\n<\/li>\n<\/ul>\n<p><!--more--><br \/>\n<!-- {\"name\":\"\",\"type\":\"layout\",\"children\":[{\"type\":\"section\",\"props\":{\"height\":\"percent\",\"image\":\"https:\\\/\\\/www.rukaresidences.fi\\\/wp-content\\\/uploads\\\/2023\\\/04\\\/RH2.jpg\",\"image_height\":\"600\",\"image_loading\":true,\"image_position\":\"center-center\",\"image_size\":\"cover\",\"image_width\":\"1920\",\"style\":\"secondary\",\"title_breakpoint\":\"xl\",\"title_position\":\"top-left\",\"title_rotation\":\"left\",\"vertical_align\":\"\",\"width\":\"default\"},\"children\":[{\"type\":\"row\",\"children\":[{\"type\":\"column\",\"props\":{\"image_position\":\"center-center\",\"media_overlay_gradient\":\"\",\"position_sticky_breakpoint\":\"m\"},\"children\":[{\"type\":\"headline\",\"props\":{\"content\":\"Chalet Rukanhelmi\",\"title_element\":\"h1\",\"title_style\":\"heading-small\"}}]}]}]},{\"name\":\"\",\"type\":\"section\",\"props\":{\"image_position\":\"center-center\",\"padding_remove_bottom\":false,\"style\":\"default\",\"title_breakpoint\":\"xl\",\"title_position\":\"top-left\",\"title_rotation\":\"left\",\"vertical_align\":\"middle\",\"width\":\"default\"},\"children\":[{\"name\":\"\",\"type\":\"row\",\"props\":{\"column_gap\":\"large\",\"layout\":\"expand,large\",\"margin\":\"large\",\"margin_remove_bottom\":true},\"children\":[{\"name\":\"\",\"type\":\"column\",\"props\":{\"image_position\":\"center-center\",\"media_overlay_gradient\":\"\",\"position_sticky_breakpoint\":\"m\",\"width_medium\":\"expand\",\"width_small\":\"\"},\"children\":[{\"name\":\"\",\"type\":\"text\",\"props\":{\"column_breakpoint\":\"m\",\"content\":\"\n\n<p>Rukanhelmi ist ein luxuri\\u00f6ses Ferienhaus mit 153 m<sup>2<\\\/sup>\\u00a0Wohnfl\\u00e4che f\\u00fcr 20 Personen, welches aus massiven stammtrockenen Kiefern (Kelo) gebaut ist.<\\\/p>\\n\n\n<p>Das Ferienhaus bietet einen grossen kombinierten K\\u00fcchen-Wohnbereich mit offenem Kamin, 5 Schlafzimmer, vier Toiletten, eine Kelo Sauna f\\u00fcr 8 Personen, Hauswirtschaftsraum und Carport. Das Ferienhaus hat 12 Betten zzgl. 2 Zustellbetten und falls ben\\u00f6tigt 2 Extra Matratzen. Kinderbetten k\\u00f6nnen gegen Aufpreis bestellt werden. Zur weiteren Austattung geh\\u00f6ren K\\u00fchlschrank, Gefrierschrank, Sp\\u00fclmaschine, Waschmaschine, Trockner und trocken Schrank, 55\\u201c Smart TV, Stereoanlage und Feuerholz. Internetanschluss ist mit Kabelverbindung und lokalem WIFI Network m\\u00f6glich.<\\\/p>\\n\n\n<p>Das Ferienhaus liegt am Talvij\\u00e4rvi auf der Westseite des Ruka. Der nahegelegene Skilift befindet sich in 400 meters Entfernung auf der gegen\\u00fcberliegenden Seite des Talvij\\u00e4rvi. Der Skilift endet direkt im Ruka Skizentrum.<\\\/p>\\n\n\n<p>Die n\\u00e4chste Langlaufloipe befindet sich nebenan auf dem Eis von Talvij\\u00e4rvi und verbindet sich mit anderen Langlaufloipen rund um Ruka.<\\\/p>\\n\n\n<p>Sie k\\u00f6nnen die verf\\u00fcgbaren Zeitr\\u00e4ume und Preise im Online-Shop einsehen.<\\\/p>\",\"margin\":\"default\"}}]},{\"name\":\"\",\"type\":\"column\",\"props\":{\"image_position\":\"center-center\",\"media_overlay_gradient\":\"\",\"position_sticky\":\"row\",\"position_sticky_breakpoint\":\"m\",\"width_medium\":\"large\",\"width_small\":\"\"},\"children\":[{\"name\":\"\",\"type\":\"button\",\"props\":{\"grid_column_gap\":\"small\",\"grid_row_gap\":\"small\",\"margin\":\"large\"},\"children\":[{\"name\":\"\",\"type\":\"button_item\",\"props\":{\"button_style\":\"primary\",\"content\":\"360\\u00b0  Panoramabilder\",\"icon\":\"\",\"icon_align\":\"left\",\"link\":\"http:\\\/\\\/rukaresidences.panoraamakuvat.fi\\\/rukanhelmi\\\/\"}},{\"type\":\"button_item\",\"props\":{\"button_style\":\"primary\",\"content\":\"Buchungsbedingungen\",\"icon_align\":\"left\",\"lightbox_height\":\"1000\",\"lightbox_width\":\"800\",\"link\":\"de\\\/yleiset-varausehdot\\\/\",\"link_target\":\"modal\"}}]},{\"type\":\"accordion\",\"props\":{\"collapsible\":true,\"content_column_breakpoint\":\"m\",\"image_align\":\"top\",\"image_grid_breakpoint\":\"m\",\"image_grid_width\":\"1-2\",\"image_svg_color\":\"emphasis\",\"link_style\":\"default\",\"link_text\":\"Read more\",\"show_image\":true,\"show_link\":true},\"children\":[{\"type\":\"accordion_item\",\"props\":{\"content\":\"\n\n<p><iframe width=\\\"100%\\\" height=\\\"900\\\" src=\\\"https:\\\/\\\/rukaresidences.bookingonline.fi\\\/stable\\\/integroitukalenteri.jsp?teema_id=992&amp;myyja_id=16046&amp;kiintea_tuote_id=17089&amp;kieli=UKN\\\"><\\\/iframe><\\\/p>\",\"title\":\" Buche online\"}}]}]}]}]},{\"name\":\"\",\"type\":\"section\",\"props\":{\"image_position\":\"center-center\",\"padding_remove_top\":true,\"style\":\"default\",\"title_breakpoint\":\"xl\",\"title_position\":\"top-left\",\"title_rotation\":\"left\",\"vertical_align\":\"middle\",\"width\":\"default\"},\"children\":[{\"name\":\"\",\"type\":\"row\",\"children\":[{\"name\":\"\",\"type\":\"column\",\"props\":{\"image_position\":\"center-center\",\"media_overlay_gradient\":\"\",\"position_sticky_breakpoint\":\"m\",\"width_medium\":\"1-1\"},\"children\":[{\"name\":\"\",\"type\":\"headline\",\"props\":{\"content\":\"Fotos\",\"title_element\":\"h1\",\"title_style\":\"h2\"}},{\"name\":\"\",\"type\":\"gallery\",\"props\":{\"filter_align\":\"left\",\"filter_all\":true,\"filter_grid_breakpoint\":\"m\",\"filter_grid_width\":\"auto\",\"filter_position\":\"top\",\"filter_style\":\"tab\",\"grid_default\":\"1\",\"grid_medium\":\"4\",\"grid_small\":\"2\",\"item_animation\":true,\"lightbox\":true,\"link_style\":\"default\",\"link_text\":\"\",\"margin\":\"default\",\"meta_align\":\"below-title\",\"meta_element\":\"div\",\"meta_style\":\"text-meta\",\"overlay_hover\":true,\"overlay_link\":true,\"overlay_mode\":\"cover\",\"overlay_position\":\"center\",\"overlay_style\":\"overlay-primary\",\"overlay_transition\":\"fade\",\"parallax_easing\":\"1\",\"show_content\":false,\"show_hover_image\":false,\"show_link\":false,\"show_meta\":false,\"show_title\":false,\"text_align\":\"center\",\"text_color\":\"light\",\"title_element\":\"h3\",\"title_hover_style\":\"reset\"},\"children\":[{\"type\":\"gallery_item\",\"props\":{\"image\":\"wp-content\\\/uploads\\\/2023\\\/04\\\/014.jpg\",\"title\":\"014\"}},{\"type\":\"gallery_item\",\"props\":{\"image\":\"wp-content\\\/uploads\\\/2023\\\/04\\\/016.jpg\",\"title\":\"016\"}},{\"type\":\"gallery_item\",\"props\":{\"image\":\"wp-content\\\/uploads\\\/2023\\\/04\\\/023.jpg\",\"title\":\"023\"}},{\"type\":\"gallery_item\",\"props\":{\"image\":\"wp-content\\\/uploads\\\/2023\\\/04\\\/025.jpg\",\"title\":\"025\"}},{\"type\":\"gallery_item\",\"props\":{\"image\":\"wp-content\\\/uploads\\\/2023\\\/04\\\/030.jpg\",\"title\":\"030\"}},{\"type\":\"gallery_item\",\"props\":{\"image\":\"wp-content\\\/uploads\\\/2023\\\/04\\\/032.jpg\",\"title\":\"032\"}},{\"type\":\"gallery_item\",\"props\":{\"image\":\"wp-content\\\/uploads\\\/2023\\\/04\\\/043.jpg\",\"title\":\"043\"}},{\"type\":\"gallery_item\",\"props\":{\"image\":\"wp-content\\\/uploads\\\/2023\\\/04\\\/046.jpg\",\"title\":\"046\"}},{\"type\":\"gallery_item\",\"props\":{\"image\":\"wp-content\\\/uploads\\\/2023\\\/04\\\/051.jpg\",\"title\":\"051\"}},{\"type\":\"gallery_item\",\"props\":{\"image\":\"wp-content\\\/uploads\\\/2023\\\/04\\\/054.jpg\",\"title\":\"054\"}},{\"type\":\"gallery_item\",\"props\":{\"image\":\"wp-content\\\/uploads\\\/2023\\\/04\\\/055.jpg\",\"title\":\"055\"}},{\"type\":\"gallery_item\",\"props\":{\"image\":\"wp-content\\\/uploads\\\/2023\\\/04\\\/RH2.jpg\",\"title\":\"RH2\"}},{\"type\":\"gallery_item\",\"props\":{\"image\":\"wp-content\\\/uploads\\\/2023\\\/04\\\/Rukanhelmi_pohjapiirustus.jpg\",\"title\":\"Rukanhelmi_pohjapiirustus\"}}]}]}]}]}],\"version\":\"3.0.30\"} --><\/p>\n","protected":false},"excerpt":{"rendered":"<p>Chalet Rukanhelmi Rukanhelmi ist ein luxuri\u00f6ses Ferienhaus mit 153 m2\u00a0Wohnfl\u00e4che f\u00fcr 20 Personen, welches aus massiven stammtrockenen Kiefern (Kelo) gebaut ist. Das Ferienhaus bietet einen grossen kombinierten K\u00fcchen-Wohnbereich mit offenem Kamin, 5 Schlafzimmer, vier Toiletten, eine Kelo Sauna f\u00fcr 8 Personen, Hauswirtschaftsraum und Carport. Das Ferienhaus hat 12 Betten zzgl. 2 Zustellbetten und falls ben\u00f6tigt [&hellip;]<\/p>\n","protected":false},"author":1,"featured_media":310,"parent":0,"menu_order":0,"comment_status":"open","ping_status":"open","template":"","meta":{"footnotes":""},"class_list":["post-470","page","type-page","status-publish","has-post-thumbnail","hentry"],"yoast_head":"<!-- This site is optimized with the Yoast SEO plugin v26.6 - https:\/\/yoast.com\/wordpress\/plugins\/seo\/ -->\n<title>Chalet Rukanhelmi - Ruka Residences, Nordfinnland<\/title>\n<meta name=\"description\" content=\"Ein luxuri\u00f6ses Ferienhaus in Ruka (Finnland) f\u00fcr 20 Personen, gebaut aus massiver trockener Kiefer (Kelo).\" \/>\n<meta name=\"robots\" content=\"index, follow, max-snippet:-1, max-image-preview:large, max-video-preview:-1\" \/>\n<link rel=\"canonical\" href=\"https:\/\/www.rukaresidences.fi\/de\/chalet-rukanhelmi\/\" \/>\n<meta property=\"og:locale\" content=\"de_DE\" \/>\n<meta property=\"og:type\" content=\"article\" \/>\n<meta property=\"og:title\" content=\"Chalet Rukanhelmi - Ruka Residences, Nordfinnland\" \/>\n<meta property=\"og:description\" content=\"Ein luxuri\u00f6ses Ferienhaus in Ruka (Finnland) f\u00fcr 20 Personen, gebaut aus massiver trockener Kiefer (Kelo).\" \/>\n<meta property=\"og:url\" content=\"https:\/\/www.rukaresidences.fi\/de\/chalet-rukanhelmi\/\" \/>\n<meta property=\"og:site_name\" content=\"Ruka Residences, Nordfinnland\" \/>\n<meta property=\"article:modified_time\" content=\"2023-04-21T06:18:46+00:00\" \/>\n<meta property=\"og:image\" content=\"https:\/\/www.rukaresidences.fi\/wp-content\/uploads\/2023\/04\/055.jpg\" \/>\n\t<meta property=\"og:image:width\" content=\"1800\" \/>\n\t<meta property=\"og:image:height\" content=\"1200\" \/>\n\t<meta property=\"og:image:type\" content=\"image\/jpeg\" \/>\n<meta name=\"twitter:card\" content=\"summary_large_image\" \/>\n<meta name=\"twitter:label1\" content=\"Gesch\u00e4tzte Lesezeit\" \/>\n\t<meta name=\"twitter:data1\" content=\"5\u00a0Minuten\" \/>\n<script type=\"application\/ld+json\" class=\"yoast-schema-graph\">{\"@context\":\"https:\/\/schema.org\",\"@graph\":[{\"@type\":\"WebPage\",\"@id\":\"https:\/\/www.rukaresidences.fi\/de\/chalet-rukanhelmi\/\",\"url\":\"https:\/\/www.rukaresidences.fi\/de\/chalet-rukanhelmi\/\",\"name\":\"Chalet Rukanhelmi - Ruka Residences, Nordfinnland\",\"isPartOf\":{\"@id\":\"https:\/\/www.rukaresidences.fi\/de\/#website\"},\"primaryImageOfPage\":{\"@id\":\"https:\/\/www.rukaresidences.fi\/de\/chalet-rukanhelmi\/#primaryimage\"},\"image\":{\"@id\":\"https:\/\/www.rukaresidences.fi\/de\/chalet-rukanhelmi\/#primaryimage\"},\"thumbnailUrl\":\"https:\/\/www.rukaresidences.fi\/wp-content\/uploads\/2023\/04\/055.jpg\",\"datePublished\":\"2013-11-22T14:27:27+00:00\",\"dateModified\":\"2023-04-21T06:18:46+00:00\",\"description\":\"Ein luxuri\u00f6ses Ferienhaus in Ruka (Finnland) f\u00fcr 20 Personen, gebaut aus massiver trockener Kiefer (Kelo).\",\"breadcrumb\":{\"@id\":\"https:\/\/www.rukaresidences.fi\/de\/chalet-rukanhelmi\/#breadcrumb\"},\"inLanguage\":\"de\",\"potentialAction\":[{\"@type\":\"ReadAction\",\"target\":[\"https:\/\/www.rukaresidences.fi\/de\/chalet-rukanhelmi\/\"]}]},{\"@type\":\"ImageObject\",\"inLanguage\":\"de\",\"@id\":\"https:\/\/www.rukaresidences.fi\/de\/chalet-rukanhelmi\/#primaryimage\",\"url\":\"https:\/\/www.rukaresidences.fi\/wp-content\/uploads\/2023\/04\/055.jpg\",\"contentUrl\":\"https:\/\/www.rukaresidences.fi\/wp-content\/uploads\/2023\/04\/055.jpg\",\"width\":1800,\"height\":1200},{\"@type\":\"BreadcrumbList\",\"@id\":\"https:\/\/www.rukaresidences.fi\/de\/chalet-rukanhelmi\/#breadcrumb\",\"itemListElement\":[{\"@type\":\"ListItem\",\"position\":1,\"name\":\"Etusivu\",\"item\":\"https:\/\/www.rukaresidences.fi\/de\/\"},{\"@type\":\"ListItem\",\"position\":2,\"name\":\"Chalet Rukanhelmi\"}]},{\"@type\":\"WebSite\",\"@id\":\"https:\/\/www.rukaresidences.fi\/de\/#website\",\"url\":\"https:\/\/www.rukaresidences.fi\/de\/\",\"name\":\"Ruka Residences, Nordfinnland\",\"description\":\"\",\"publisher\":{\"@id\":\"https:\/\/www.rukaresidences.fi\/de\/#organization\"},\"potentialAction\":[{\"@type\":\"SearchAction\",\"target\":{\"@type\":\"EntryPoint\",\"urlTemplate\":\"https:\/\/www.rukaresidences.fi\/de\/?s={search_term_string}\"},\"query-input\":{\"@type\":\"PropertyValueSpecification\",\"valueRequired\":true,\"valueName\":\"search_term_string\"}}],\"inLanguage\":\"de\"},{\"@type\":\"Organization\",\"@id\":\"https:\/\/www.rukaresidences.fi\/de\/#organization\",\"name\":\"Ruka Residences, Nordfinnland\",\"url\":\"https:\/\/www.rukaresidences.fi\/de\/\",\"logo\":{\"@type\":\"ImageObject\",\"inLanguage\":\"de\",\"@id\":\"https:\/\/www.rukaresidences.fi\/de\/#\/schema\/logo\/image\/\",\"url\":\"https:\/\/www.rukaresidences.fi\/wp-content\/uploads\/2023\/04\/logo.jpg\",\"contentUrl\":\"https:\/\/www.rukaresidences.fi\/wp-content\/uploads\/2023\/04\/logo.jpg\",\"width\":242,\"height\":104,\"caption\":\"Ruka Residences, Nordfinnland\"},\"image\":{\"@id\":\"https:\/\/www.rukaresidences.fi\/de\/#\/schema\/logo\/image\/\"}}]}<\/script>\n<!-- \/ Yoast SEO plugin. -->","yoast_head_json":{"title":"Chalet Rukanhelmi - Ruka Residences, Nordfinnland","description":"Ein luxuri\u00f6ses Ferienhaus in Ruka (Finnland) f\u00fcr 20 Personen, gebaut aus massiver trockener Kiefer (Kelo).","robots":{"index":"index","follow":"follow","max-snippet":"max-snippet:-1","max-image-preview":"max-image-preview:large","max-video-preview":"max-video-preview:-1"},"canonical":"https:\/\/www.rukaresidences.fi\/de\/chalet-rukanhelmi\/","og_locale":"de_DE","og_type":"article","og_title":"Chalet Rukanhelmi - Ruka Residences, Nordfinnland","og_description":"Ein luxuri\u00f6ses Ferienhaus in Ruka (Finnland) f\u00fcr 20 Personen, gebaut aus massiver trockener Kiefer (Kelo).","og_url":"https:\/\/www.rukaresidences.fi\/de\/chalet-rukanhelmi\/","og_site_name":"Ruka Residences, Nordfinnland","article_modified_time":"2023-04-21T06:18:46+00:00","og_image":[{"width":1800,"height":1200,"url":"https:\/\/www.rukaresidences.fi\/wp-content\/uploads\/2023\/04\/055.jpg","type":"image\/jpeg"}],"twitter_card":"summary_large_image","twitter_misc":{"Gesch\u00e4tzte Lesezeit":"5\u00a0Minuten"},"schema":{"@context":"https:\/\/schema.org","@graph":[{"@type":"WebPage","@id":"https:\/\/www.rukaresidences.fi\/de\/chalet-rukanhelmi\/","url":"https:\/\/www.rukaresidences.fi\/de\/chalet-rukanhelmi\/","name":"Chalet Rukanhelmi - Ruka Residences, Nordfinnland","isPartOf":{"@id":"https:\/\/www.rukaresidences.fi\/de\/#website"},"primaryImageOfPage":{"@id":"https:\/\/www.rukaresidences.fi\/de\/chalet-rukanhelmi\/#primaryimage"},"image":{"@id":"https:\/\/www.rukaresidences.fi\/de\/chalet-rukanhelmi\/#primaryimage"},"thumbnailUrl":"https:\/\/www.rukaresidences.fi\/wp-content\/uploads\/2023\/04\/055.jpg","datePublished":"2013-11-22T14:27:27+00:00","dateModified":"2023-04-21T06:18:46+00:00","description":"Ein luxuri\u00f6ses Ferienhaus in Ruka (Finnland) f\u00fcr 20 Personen, gebaut aus massiver trockener Kiefer (Kelo).","breadcrumb":{"@id":"https:\/\/www.rukaresidences.fi\/de\/chalet-rukanhelmi\/#breadcrumb"},"inLanguage":"de","potentialAction":[{"@type":"ReadAction","target":["https:\/\/www.rukaresidences.fi\/de\/chalet-rukanhelmi\/"]}]},{"@type":"ImageObject","inLanguage":"de","@id":"https:\/\/www.rukaresidences.fi\/de\/chalet-rukanhelmi\/#primaryimage","url":"https:\/\/www.rukaresidences.fi\/wp-content\/uploads\/2023\/04\/055.jpg","contentUrl":"https:\/\/www.rukaresidences.fi\/wp-content\/uploads\/2023\/04\/055.jpg","width":1800,"height":1200},{"@type":"BreadcrumbList","@id":"https:\/\/www.rukaresidences.fi\/de\/chalet-rukanhelmi\/#breadcrumb","itemListElement":[{"@type":"ListItem","position":1,"name":"Etusivu","item":"https:\/\/www.rukaresidences.fi\/de\/"},{"@type":"ListItem","position":2,"name":"Chalet Rukanhelmi"}]},{"@type":"WebSite","@id":"https:\/\/www.rukaresidences.fi\/de\/#website","url":"https:\/\/www.rukaresidences.fi\/de\/","name":"Ruka Residences, Nordfinnland","description":"","publisher":{"@id":"https:\/\/www.rukaresidences.fi\/de\/#organization"},"potentialAction":[{"@type":"SearchAction","target":{"@type":"EntryPoint","urlTemplate":"https:\/\/www.rukaresidences.fi\/de\/?s={search_term_string}"},"query-input":{"@type":"PropertyValueSpecification","valueRequired":true,"valueName":"search_term_string"}}],"inLanguage":"de"},{"@type":"Organization","@id":"https:\/\/www.rukaresidences.fi\/de\/#organization","name":"Ruka Residences, Nordfinnland","url":"https:\/\/www.rukaresidences.fi\/de\/","logo":{"@type":"ImageObject","inLanguage":"de","@id":"https:\/\/www.rukaresidences.fi\/de\/#\/schema\/logo\/image\/","url":"https:\/\/www.rukaresidences.fi\/wp-content\/uploads\/2023\/04\/logo.jpg","contentUrl":"https:\/\/www.rukaresidences.fi\/wp-content\/uploads\/2023\/04\/logo.jpg","width":242,"height":104,"caption":"Ruka Residences, Nordfinnland"},"image":{"@id":"https:\/\/www.rukaresidences.fi\/de\/#\/schema\/logo\/image\/"}}]}},"_links":{"self":[{"href":"https:\/\/www.rukaresidences.fi\/de\/wp-json\/wp\/v2\/pages\/470","targetHints":{"allow":["GET"]}}],"collection":[{"href":"https:\/\/www.rukaresidences.fi\/de\/wp-json\/wp\/v2\/pages"}],"about":[{"href":"https:\/\/www.rukaresidences.fi\/de\/wp-json\/wp\/v2\/types\/page"}],"author":[{"embeddable":true,"href":"https:\/\/www.rukaresidences.fi\/de\/wp-json\/wp\/v2\/users\/1"}],"replies":[{"embeddable":true,"href":"https:\/\/www.rukaresidences.fi\/de\/wp-json\/wp\/v2\/comments?post=470"}],"version-history":[{"count":0,"href":"https:\/\/www.rukaresidences.fi\/de\/wp-json\/wp\/v2\/pages\/470\/revisions"}],"wp:featuredmedia":[{"embeddable":true,"href":"https:\/\/www.rukaresidences.fi\/de\/wp-json\/wp\/v2\/media\/310"}],"wp:attachment":[{"href":"https:\/\/www.rukaresidences.fi\/de\/wp-json\/wp\/v2\/media?parent=470"}],"curies":[{"name":"wp","href":"https:\/\/api.w.org\/{rel}","templated":true}]}}